{"id":70,"date":"2022-05-12T20:14:22","date_gmt":"2022-05-12T20:14:22","guid":{"rendered":"https:\/\/www.pochodyberoun.cz\/?page_id=70"},"modified":"2023-01-05T19:33:01","modified_gmt":"2023-01-05T19:33:01","slug":"fottografie-z-pochodu","status":"publish","type":"page","link":"https:\/\/www.pochodyberoun.cz\/?page_id=70","title":{"rendered":"Fotografie z pochod\u016f"},"content":{"rendered":"\t\t<div data-elementor-type=\"wp-page\" data-elementor-id=\"70\" class=\"elementor elementor-70\">\n\t\t\t\t\t\t<section class=\"elementor-section elementor-top-section elementor-element elementor-element-decde8f elementor-section-boxed elementor-section-height-default elementor-section-height-default\" data-id=\"decde8f\" data-element_type=\"section\">\n\t\t\t\t\t\t<div class=\"elementor-container elementor-column-gap-default\">\n\t\t\t\t\t<div class=\"elementor-column elementor-col-100 elementor-top-column elementor-element elementor-element-59f8562\" data-id=\"59f8562\" data-element_type=\"column\">\n\t\t\t<div class=\"elementor-widget-wrap elementor-element-populated\">\n\t\t\t\t\t\t<div class=\"elementor-element elementor-element-e579c38 elementor-widget elementor-widget-image\" data-id=\"e579c38\" data-element_type=\"widget\" data-widget_type=\"image.default\">\n\t\t\t\t<div class=\"elementor-widget-container\">\n\t\t\t\t\t\t\t\t\t\t\t\t\t<img fetchpriority=\"high\" decoding=\"async\" width=\"920\" height=\"650\" src=\"https:\/\/www.pochodyberoun.cz\/wp-content\/uploads\/2022\/05\/stranky1-1024x724.jpg\" class=\"attachment-large size-large wp-image-98\" alt=\"\" srcset=\"https:\/\/www.pochodyberoun.cz\/wp-content\/uploads\/2022\/05\/stranky1-1024x724.jpg 1024w, https:\/\/www.pochodyberoun.cz\/wp-content\/uploads\/2022\/05\/stranky1-300x212.jpg 300w, https:\/\/www.pochodyberoun.cz\/wp-content\/uploads\/2022\/05\/stranky1-768x543.jpg 768w, https:\/\/www.pochodyberoun.cz\/wp-content\/uploads\/2022\/05\/stranky1-1536x1086.jpg 1536w, https:\/\/www.pochodyberoun.cz\/wp-content\/uploads\/2022\/05\/stranky1-2048x1448.jpg 2048w\" sizes=\"(max-width: 920px) 100vw, 920px\" \/>\t\t\t\t\t\t\t\t\t\t\t\t\t<\/div>\n\t\t\t\t<\/div>\n\t\t\t\t<div class=\"elementor-element elementor-element-0635614 elementor-align-center elementor-widget elementor-widget-button\" data-id=\"0635614\" data-element_type=\"widget\" data-widget_type=\"button.default\">\n\t\t\t\t<div class=\"elementor-widget-container\">\n\t\t\t\t\t\t\t<div class=\"elementor-button-wrapper\">\n\t\t\t\t\t<a class=\"elementor-button elementor-button-link elementor-size-sm\" href=\"https:\/\/www.pochodyberoun.cz\/?page_id=102\">\n\t\t\t\t\t\t<span class=\"elementor-button-content-wrapper\">\n\t\t\t\t\t\t\t\t\t<span class=\"elementor-button-text\">Fotografie z pochodu Jarn\u00edm \u010cesk\u00fdm krasem<\/span>\n\t\t\t\t\t<\/span>\n\t\t\t\t\t<\/a>\n\t\t\t\t<\/div>\n\t\t\t\t\t\t<\/div>\n\t\t\t\t<\/div>\n\t\t\t\t\t<\/div>\n\t\t<\/div>\n\t\t\t\t\t<\/div>\n\t\t<\/section>\n\t\t\t\t<section class=\"elementor-section elementor-top-section elementor-element elementor-element-e1b1bca elementor-section-boxed elementor-section-height-default elementor-section-height-default\" data-id=\"e1b1bca\" data-element_type=\"section\">\n\t\t\t\t\t\t<div class=\"elementor-container elementor-column-gap-default\">\n\t\t\t\t\t<div class=\"elementor-column elementor-col-100 elementor-top-column elementor-element elementor-element-90bd643\" data-id=\"90bd643\" data-element_type=\"column\">\n\t\t\t<div class=\"elementor-widget-wrap elementor-element-populated\">\n\t\t\t\t\t\t<div class=\"elementor-element elementor-element-a38a99f elementor-widget elementor-widget-image\" data-id=\"a38a99f\" data-element_type=\"widget\" data-widget_type=\"image.default\">\n\t\t\t\t<div class=\"elementor-widget-container\">\n\t\t\t\t\t\t\t\t\t\t\t\t\t<img decoding=\"async\" width=\"920\" height=\"619\" src=\"https:\/\/www.pochodyberoun.cz\/wp-content\/uploads\/2023\/01\/IMG_20230101_093219-1-1024x689.jpg\" class=\"attachment-large size-large wp-image-208\" alt=\"\" srcset=\"https:\/\/www.pochodyberoun.cz\/wp-content\/uploads\/2023\/01\/IMG_20230101_093219-1-1024x689.jpg 1024w, https:\/\/www.pochodyberoun.cz\/wp-content\/uploads\/2023\/01\/IMG_20230101_093219-1-300x202.jpg 300w, https:\/\/www.pochodyberoun.cz\/wp-content\/uploads\/2023\/01\/IMG_20230101_093219-1-768x517.jpg 768w, https:\/\/www.pochodyberoun.cz\/wp-content\/uploads\/2023\/01\/IMG_20230101_093219-1.jpg 1185w\" sizes=\"(max-width: 920px) 100vw, 920px\" \/>\t\t\t\t\t\t\t\t\t\t\t\t\t<\/div>\n\t\t\t\t<\/div>\n\t\t\t\t\t<\/div>\n\t\t<\/div>\n\t\t\t\t\t<\/div>\n\t\t<\/section>\n\t\t\t\t<section class=\"elementor-section elementor-top-section elementor-element elementor-element-51c4ec7 elementor-section-boxed elementor-section-height-default elementor-section-height-default\" data-id=\"51c4ec7\" data-element_type=\"section\">\n\t\t\t\t\t\t<div class=\"elementor-container elementor-column-gap-default\">\n\t\t\t\t\t<div class=\"elementor-column elementor-col-100 elementor-top-column elementor-element elementor-element-bab46c9\" data-id=\"bab46c9\" data-element_type=\"column\">\n\t\t\t<div class=\"elementor-widget-wrap elementor-element-populated\">\n\t\t\t\t\t\t<div class=\"elementor-element elementor-element-f000487 elementor-align-center elementor-widget elementor-widget-button\" data-id=\"f000487\" data-element_type=\"widget\" data-widget_type=\"button.default\">\n\t\t\t\t<div class=\"elementor-widget-container\">\n\t\t\t\t\t\t\t<div class=\"elementor-button-wrapper\">\n\t\t\t\t\t<a class=\"elementor-button elementor-button-link elementor-size-sm\" href=\"https:\/\/www.pochodyberoun.cz\/?page_id=204\">\n\t\t\t\t\t\t<span class=\"elementor-button-content-wrapper\">\n\t\t\t\t\t\t\t\t\t<span class=\"elementor-button-text\">Fotografie z Novoro\u010dn\u00edho pochodu Stezkou Vojty N\u00e1prstka<\/span>\n\t\t\t\t\t<\/span>\n\t\t\t\t\t<\/a>\n\t\t\t\t<\/div>\n\t\t\t\t\t\t<\/div>\n\t\t\t\t<\/div>\n\t\t\t\t\t<\/div>\n\t\t<\/div>\n\t\t\t\t\t<\/div>\n\t\t<\/section>\n\t\t\t\t<\/div>\n\t\t","protected":false},"excerpt":{"rendered":"<p>Fotografie z pochodu Jarn\u00edm \u010cesk\u00fdm krasem Fotografie z Novoro\u010dn\u00edho pochodu Stezkou Vojty N\u00e1prstka<\/p>\n","protected":false},"author":1,"featured_media":0,"parent":0,"menu_order":0,"comment_status":"closed","ping_status":"closed","template":"","meta":{"footnotes":""},"class_list":["post-70","page","type-page","status-publish","hentry"],"_links":{"self":[{"href":"https:\/\/www.pochodyberoun.cz\/index.php?rest_route=\/wp\/v2\/pages\/70","targetHints":{"allow":["GET"]}}],"collection":[{"href":"https:\/\/www.pochodyberoun.cz\/index.php?rest_route=\/wp\/v2\/pages"}],"about":[{"href":"https:\/\/www.pochodyberoun.cz\/index.php?rest_route=\/wp\/v2\/types\/page"}],"author":[{"embeddable":true,"href":"https:\/\/www.pochodyberoun.cz\/index.php?rest_route=\/wp\/v2\/users\/1"}],"replies":[{"embeddable":true,"href":"https:\/\/www.pochodyberoun.cz\/index.php?rest_route=%2Fwp%2Fv2%2Fcomments&post=70"}],"version-history":[{"count":32,"href":"https:\/\/www.pochodyberoun.cz\/index.php?rest_route=\/wp\/v2\/pages\/70\/revisions"}],"predecessor-version":[{"id":250,"href":"https:\/\/www.pochodyberoun.cz\/index.php?rest_route=\/wp\/v2\/pages\/70\/revisions\/250"}],"wp:attachment":[{"href":"https:\/\/www.pochodyberoun.cz\/index.php?rest_route=%2Fwp%2Fv2%2Fmedia&parent=70"}],"curies":[{"name":"wp","href":"https:\/\/api.w.org\/{rel}","templated":true}]}}