{"id":27,"date":"2022-05-12T18:38:40","date_gmt":"2022-05-12T18:38:40","guid":{"rendered":"https:\/\/www.pochodyberoun.cz\/?page_id=27"},"modified":"2024-12-15T18:54:13","modified_gmt":"2024-12-15T18:54:13","slug":"domu","status":"publish","type":"page","link":"https:\/\/www.pochodyberoun.cz\/","title":{"rendered":"Pochody"},"content":{"rendered":"\t\t<div data-elementor-type=\"wp-page\" data-elementor-id=\"27\" class=\"elementor elementor-27\">\n\t\t\t\t\t\t<section class=\"elementor-section elementor-top-section elementor-element elementor-element-010fbf3 elementor-section-boxed elementor-section-height-default elementor-section-height-default\" data-id=\"010fbf3\" data-element_type=\"section\">\n\t\t\t\t\t\t<div class=\"elementor-container elementor-column-gap-default\">\n\t\t\t\t\t<div class=\"elementor-column elementor-col-100 elementor-top-column elementor-element elementor-element-61af3ab\" data-id=\"61af3ab\" data-element_type=\"column\">\n\t\t\t<div class=\"elementor-widget-wrap elementor-element-populated\">\n\t\t\t\t\t\t<div class=\"elementor-element elementor-element-1095544 elementor-widget elementor-widget-image\" data-id=\"1095544\" data-element_type=\"widget\" data-widget_type=\"image.default\">\n\t\t\t\t<div class=\"elementor-widget-container\">\n\t\t\t\t\t\t\t\t\t\t\t\t\t<img fetchpriority=\"high\" decoding=\"async\" width=\"920\" height=\"650\" src=\"https:\/\/www.pochodyberoun.cz\/wp-content\/uploads\/2022\/05\/stranky-004-1024x724.jpg\" class=\"attachment-large size-large wp-image-11\" alt=\"\" srcset=\"https:\/\/www.pochodyberoun.cz\/wp-content\/uploads\/2022\/05\/stranky-004-1024x724.jpg 1024w, https:\/\/www.pochodyberoun.cz\/wp-content\/uploads\/2022\/05\/stranky-004-300x212.jpg 300w, https:\/\/www.pochodyberoun.cz\/wp-content\/uploads\/2022\/05\/stranky-004-768x543.jpg 768w, https:\/\/www.pochodyberoun.cz\/wp-content\/uploads\/2022\/05\/stranky-004-1536x1086.jpg 1536w, https:\/\/www.pochodyberoun.cz\/wp-content\/uploads\/2022\/05\/stranky-004-2048x1448.jpg 2048w\" sizes=\"(max-width: 920px) 100vw, 920px\" \/>\t\t\t\t\t\t\t\t\t\t\t\t\t<\/div>\n\t\t\t\t<\/div>\n\t\t\t\t<div class=\"elementor-element elementor-element-353834a elementor-align-center elementor-widget elementor-widget-button\" data-id=\"353834a\" data-element_type=\"widget\" data-widget_type=\"button.default\">\n\t\t\t\t<div class=\"elementor-widget-container\">\n\t\t\t\t\t\t\t<div class=\"elementor-button-wrapper\">\n\t\t\t\t\t<a class=\"elementor-button elementor-button-link elementor-size-sm\" href=\"https:\/\/www.pochodyberoun.cz\/?page_id=46\">\n\t\t\t\t\t\t<span class=\"elementor-button-content-wrapper\">\n\t\t\t\t\t\t\t\t\t<span class=\"elementor-button-text\">Pochod Jarn\u00edm \u010cesk\u00fdm krasem<\/span>\n\t\t\t\t\t<\/span>\n\t\t\t\t\t<\/a>\n\t\t\t\t<\/div>\n\t\t\t\t\t\t<\/div>\n\t\t\t\t<\/div>\n\t\t\t\t\t<\/div>\n\t\t<\/div>\n\t\t\t\t\t<\/div>\n\t\t<\/section>\n\t\t\t\t<section class=\"elementor-section elementor-top-section elementor-element elementor-element-7232cb2 elementor-section-boxed elementor-section-height-default elementor-section-height-default\" data-id=\"7232cb2\" data-element_type=\"section\">\n\t\t\t\t\t\t<div class=\"elementor-container elementor-column-gap-default\">\n\t\t\t\t\t<div class=\"elementor-column elementor-col-100 elementor-top-column elementor-element elementor-element-c544b3e\" data-id=\"c544b3e\" data-element_type=\"column\">\n\t\t\t<div class=\"elementor-widget-wrap elementor-element-populated\">\n\t\t\t\t\t\t<div class=\"elementor-element elementor-element-0b710cf elementor-widget elementor-widget-image\" data-id=\"0b710cf\" data-element_type=\"widget\" data-widget_type=\"image.default\">\n\t\t\t\t<div class=\"elementor-widget-container\">\n\t\t\t\t\t\t\t\t\t\t\t\t\t<img decoding=\"async\" width=\"920\" height=\"650\" src=\"https:\/\/www.pochodyberoun.cz\/wp-content\/uploads\/2022\/05\/stranky-003-1024x724.jpg\" class=\"attachment-large size-large wp-image-8\" alt=\"\" srcset=\"https:\/\/www.pochodyberoun.cz\/wp-content\/uploads\/2022\/05\/stranky-003-1024x724.jpg 1024w, https:\/\/www.pochodyberoun.cz\/wp-content\/uploads\/2022\/05\/stranky-003-300x212.jpg 300w, https:\/\/www.pochodyberoun.cz\/wp-content\/uploads\/2022\/05\/stranky-003-768x543.jpg 768w, https:\/\/www.pochodyberoun.cz\/wp-content\/uploads\/2022\/05\/stranky-003-1536x1086.jpg 1536w, https:\/\/www.pochodyberoun.cz\/wp-content\/uploads\/2022\/05\/stranky-003-2048x1448.jpg 2048w\" sizes=\"(max-width: 920px) 100vw, 920px\" \/>\t\t\t\t\t\t\t\t\t\t\t\t\t<\/div>\n\t\t\t\t<\/div>\n\t\t\t\t<div class=\"elementor-element elementor-element-e7b6f70 elementor-align-center elementor-widget elementor-widget-button\" data-id=\"e7b6f70\" data-element_type=\"widget\" data-widget_type=\"button.default\">\n\t\t\t\t<div class=\"elementor-widget-container\">\n\t\t\t\t\t\t\t<div class=\"elementor-button-wrapper\">\n\t\t\t\t\t<a class=\"elementor-button elementor-button-link elementor-size-sm\" href=\"https:\/\/www.pochodyberoun.cz\/?page_id=121\">\n\t\t\t\t\t\t<span class=\"elementor-button-content-wrapper\">\n\t\t\t\t\t\t\t\t\t<span class=\"elementor-button-text\">Novoro\u010dn\u00ed pochod Stezkou Vojty N\u00e1prstka<\/span>\n\t\t\t\t\t<\/span>\n\t\t\t\t\t<\/a>\n\t\t\t\t<\/div>\n\t\t\t\t\t\t<\/div>\n\t\t\t\t<\/div>\n\t\t\t\t\t<\/div>\n\t\t<\/div>\n\t\t\t\t\t<\/div>\n\t\t<\/section>\n\t\t\t\t<\/div>\n\t\t","protected":false},"excerpt":{"rendered":"<p>Pochod Jarn\u00edm \u010cesk\u00fdm krasem Novoro\u010dn\u00ed pochod Stezkou Vojty N\u00e1prstka<\/p>\n","protected":false},"author":1,"featured_media":0,"parent":0,"menu_order":0,"comment_status":"closed","ping_status":"closed","template":"","meta":{"footnotes":""},"class_list":["post-27","page","type-page","status-publish","hentry"],"_links":{"self":[{"href":"https:\/\/www.pochodyberoun.cz\/index.php?rest_route=\/wp\/v2\/pages\/27","targetHints":{"allow":["GET"]}}],"collection":[{"href":"https:\/\/www.pochodyberoun.cz\/index.php?rest_route=\/wp\/v2\/pages"}],"about":[{"href":"https:\/\/www.pochodyberoun.cz\/index.php?rest_route=\/wp\/v2\/types\/page"}],"author":[{"embeddable":true,"href":"https:\/\/www.pochodyberoun.cz\/index.php?rest_route=\/wp\/v2\/users\/1"}],"replies":[{"embeddable":true,"href":"https:\/\/www.pochodyberoun.cz\/index.php?rest_route=%2Fwp%2Fv2%2Fcomments&post=27"}],"version-history":[{"count":55,"href":"https:\/\/www.pochodyberoun.cz\/index.php?rest_route=\/wp\/v2\/pages\/27\/revisions"}],"predecessor-version":[{"id":324,"href":"https:\/\/www.pochodyberoun.cz\/index.php?rest_route=\/wp\/v2\/pages\/27\/revisions\/324"}],"wp:attachment":[{"href":"https:\/\/www.pochodyberoun.cz\/index.php?rest_route=%2Fwp%2Fv2%2Fmedia&parent=27"}],"curies":[{"name":"wp","href":"https:\/\/api.w.org\/{rel}","templated":true}]}}