{"id":204,"date":"2023-01-03T08:17:13","date_gmt":"2023-01-03T08:17:13","guid":{"rendered":"https:\/\/www.pochodyberoun.cz\/?page_id=204"},"modified":"2023-01-05T19:23:31","modified_gmt":"2023-01-05T19:23:31","slug":"fotografie-z-novorocniho-pochodu-stezkou-vojty-naprstka","status":"publish","type":"page","link":"https:\/\/www.pochodyberoun.cz\/?page_id=204","title":{"rendered":"Fotografie z Novoro\u010dn\u00edho pochodu Stezkou Vojty N\u00e1prstka (2023)"},"content":{"rendered":"\t\t<div data-elementor-type=\"wp-page\" data-elementor-id=\"204\" class=\"elementor elementor-204\">\n\t\t\t\t\t\t<section class=\"elementor-section elementor-top-section elementor-element elementor-element-579401b elementor-section-boxed elementor-section-height-default elementor-section-height-default\" data-id=\"579401b\" data-element_type=\"section\">\n\t\t\t\t\t\t<div class=\"elementor-container elementor-column-gap-default\">\n\t\t\t\t\t<div class=\"elementor-column elementor-col-100 elementor-top-column elementor-element elementor-element-7f896a7\" data-id=\"7f896a7\" data-element_type=\"column\">\n\t\t\t<div class=\"elementor-widget-wrap elementor-element-populated\">\n\t\t\t\t\t\t<div class=\"elementor-element elementor-element-6c878bd elementor-widget elementor-widget-image\" data-id=\"6c878bd\" data-element_type=\"widget\" data-widget_type=\"image.default\">\n\t\t\t\t<div class=\"elementor-widget-container\">\n\t\t\t\t\t\t\t\t\t\t\t\t\t<img fetchpriority=\"high\" decoding=\"async\" width=\"667\" height=\"831\" src=\"https:\/\/www.pochodyberoun.cz\/wp-content\/uploads\/2023\/01\/IMG_20230101_093147.jpg\" class=\"attachment-large size-large wp-image-207\" alt=\"\" srcset=\"https:\/\/www.pochodyberoun.cz\/wp-content\/uploads\/2023\/01\/IMG_20230101_093147.jpg 667w, https:\/\/www.pochodyberoun.cz\/wp-content\/uploads\/2023\/01\/IMG_20230101_093147-241x300.jpg 241w\" sizes=\"(max-width: 667px) 100vw, 667px\" \/>\t\t\t\t\t\t\t\t\t\t\t\t\t<\/div>\n\t\t\t\t<\/div>\n\t\t\t\t\t<\/div>\n\t\t<\/div>\n\t\t\t\t\t<\/div>\n\t\t<\/section>\n\t\t\t\t<section class=\"elementor-section elementor-top-section elementor-element elementor-element-3b388ff elementor-section-boxed elementor-section-height-default elementor-section-height-default\" data-id=\"3b388ff\" data-element_type=\"section\">\n\t\t\t\t\t\t<div class=\"elementor-container elementor-column-gap-default\">\n\t\t\t\t\t<div class=\"elementor-column elementor-col-100 elementor-top-column elementor-element elementor-element-f8468b6\" data-id=\"f8468b6\" data-element_type=\"column\">\n\t\t\t<div class=\"elementor-widget-wrap elementor-element-populated\">\n\t\t\t\t\t\t<div class=\"elementor-element elementor-element-8f1d0fe elementor-widget elementor-widget-image\" data-id=\"8f1d0fe\" data-element_type=\"widget\" data-widget_type=\"image.default\">\n\t\t\t\t<div class=\"elementor-widget-container\">\n\t\t\t\t\t\t\t\t\t\t\t\t\t<img decoding=\"async\" width=\"920\" height=\"619\" src=\"https:\/\/www.pochodyberoun.cz\/wp-content\/uploads\/2023\/01\/IMG_20230101_093219-1-1024x689.jpg\" class=\"attachment-large size-large wp-image-208\" alt=\"\" srcset=\"https:\/\/www.pochodyberoun.cz\/wp-content\/uploads\/2023\/01\/IMG_20230101_093219-1-1024x689.jpg 1024w, https:\/\/www.pochodyberoun.cz\/wp-content\/uploads\/2023\/01\/IMG_20230101_093219-1-300x202.jpg 300w, https:\/\/www.pochodyberoun.cz\/wp-content\/uploads\/2023\/01\/IMG_20230101_093219-1-768x517.jpg 768w, https:\/\/www.pochodyberoun.cz\/wp-content\/uploads\/2023\/01\/IMG_20230101_093219-1.jpg 1185w\" sizes=\"(max-width: 920px) 100vw, 920px\" \/>\t\t\t\t\t\t\t\t\t\t\t\t\t<\/div>\n\t\t\t\t<\/div>\n\t\t\t\t\t<\/div>\n\t\t<\/div>\n\t\t\t\t\t<\/div>\n\t\t<\/section>\n\t\t\t\t<section class=\"elementor-section elementor-top-section elementor-element elementor-element-048481e elementor-section-boxed elementor-section-height-default elementor-section-height-default\" data-id=\"048481e\" data-element_type=\"section\">\n\t\t\t\t\t\t<div class=\"elementor-container elementor-column-gap-default\">\n\t\t\t\t\t<div class=\"elementor-column elementor-col-100 elementor-top-column elementor-element elementor-element-a5d29c3\" data-id=\"a5d29c3\" data-element_type=\"column\">\n\t\t\t<div class=\"elementor-widget-wrap elementor-element-populated\">\n\t\t\t\t\t\t<div class=\"elementor-element elementor-element-4215c42 elementor-widget elementor-widget-image\" data-id=\"4215c42\" data-element_type=\"widget\" data-widget_type=\"image.default\">\n\t\t\t\t<div class=\"elementor-widget-container\">\n\t\t\t\t\t\t\t\t\t\t\t\t\t<img decoding=\"async\" width=\"920\" height=\"617\" src=\"https:\/\/www.pochodyberoun.cz\/wp-content\/uploads\/2023\/01\/IMG_20230101_093232-1024x687.jpg\" class=\"attachment-large size-large wp-image-209\" alt=\"\" srcset=\"https:\/\/www.pochodyberoun.cz\/wp-content\/uploads\/2023\/01\/IMG_20230101_093232-1024x687.jpg 1024w, https:\/\/www.pochodyberoun.cz\/wp-content\/uploads\/2023\/01\/IMG_20230101_093232-300x201.jpg 300w, https:\/\/www.pochodyberoun.cz\/wp-content\/uploads\/2023\/01\/IMG_20230101_093232-768x515.jpg 768w, https:\/\/www.pochodyberoun.cz\/wp-content\/uploads\/2023\/01\/IMG_20230101_093232.jpg 1185w\" sizes=\"(max-width: 920px) 100vw, 920px\" \/>\t\t\t\t\t\t\t\t\t\t\t\t\t<\/div>\n\t\t\t\t<\/div>\n\t\t\t\t\t<\/div>\n\t\t<\/div>\n\t\t\t\t\t<\/div>\n\t\t<\/section>\n\t\t\t\t<section class=\"elementor-section elementor-top-section elementor-element elementor-element-d9ee03d elementor-section-boxed elementor-section-height-default elementor-section-height-default\" data-id=\"d9ee03d\" data-element_type=\"section\">\n\t\t\t\t\t\t<div class=\"elementor-container elementor-column-gap-default\">\n\t\t\t\t\t<div class=\"elementor-column elementor-col-100 elementor-top-column elementor-element elementor-element-973ff6a\" data-id=\"973ff6a\" data-element_type=\"column\">\n\t\t\t<div class=\"elementor-widget-wrap elementor-element-populated\">\n\t\t\t\t\t\t<div class=\"elementor-element elementor-element-750875a elementor-widget elementor-widget-image\" data-id=\"750875a\" data-element_type=\"widget\" data-widget_type=\"image.default\">\n\t\t\t\t<div class=\"elementor-widget-container\">\n\t\t\t\t\t\t\t\t\t\t\t\t\t<img loading=\"lazy\" decoding=\"async\" width=\"920\" height=\"619\" src=\"https:\/\/www.pochodyberoun.cz\/wp-content\/uploads\/2023\/01\/IMG_20230101_093304-1024x689.jpg\" class=\"attachment-large size-large wp-image-212\" alt=\"\" srcset=\"https:\/\/www.pochodyberoun.cz\/wp-content\/uploads\/2023\/01\/IMG_20230101_093304-1024x689.jpg 1024w, https:\/\/www.pochodyberoun.cz\/wp-content\/uploads\/2023\/01\/IMG_20230101_093304-300x202.jpg 300w, https:\/\/www.pochodyberoun.cz\/wp-content\/uploads\/2023\/01\/IMG_20230101_093304-768x517.jpg 768w, https:\/\/www.pochodyberoun.cz\/wp-content\/uploads\/2023\/01\/IMG_20230101_093304.jpg 1185w\" sizes=\"(max-width: 920px) 100vw, 920px\" \/>\t\t\t\t\t\t\t\t\t\t\t\t\t<\/div>\n\t\t\t\t<\/div>\n\t\t\t\t\t<\/div>\n\t\t<\/div>\n\t\t\t\t\t<\/div>\n\t\t<\/section>\n\t\t\t\t<section class=\"elementor-section elementor-top-section elementor-element elementor-element-2d5f481 elementor-section-boxed elementor-section-height-default elementor-section-height-default\" data-id=\"2d5f481\" data-element_type=\"section\">\n\t\t\t\t\t\t<div class=\"elementor-container elementor-column-gap-default\">\n\t\t\t\t\t<div class=\"elementor-column elementor-col-100 elementor-top-column elementor-element elementor-element-81ccc7b\" data-id=\"81ccc7b\" data-element_type=\"column\">\n\t\t\t<div class=\"elementor-widget-wrap elementor-element-populated\">\n\t\t\t\t\t\t<div class=\"elementor-element elementor-element-2443ae2 elementor-widget elementor-widget-image\" data-id=\"2443ae2\" data-element_type=\"widget\" data-widget_type=\"image.default\">\n\t\t\t\t<div class=\"elementor-widget-container\">\n\t\t\t\t\t\t\t\t\t\t\t\t\t<img loading=\"lazy\" decoding=\"async\" width=\"920\" height=\"615\" src=\"https:\/\/www.pochodyberoun.cz\/wp-content\/uploads\/2023\/01\/IMG_20230101_093326-1024x685.jpg\" class=\"attachment-large size-large wp-image-213\" alt=\"\" srcset=\"https:\/\/www.pochodyberoun.cz\/wp-content\/uploads\/2023\/01\/IMG_20230101_093326-1024x685.jpg 1024w, https:\/\/www.pochodyberoun.cz\/wp-content\/uploads\/2023\/01\/IMG_20230101_093326-300x201.jpg 300w, https:\/\/www.pochodyberoun.cz\/wp-content\/uploads\/2023\/01\/IMG_20230101_093326-768x514.jpg 768w, https:\/\/www.pochodyberoun.cz\/wp-content\/uploads\/2023\/01\/IMG_20230101_093326-666x444.jpg 666w, https:\/\/www.pochodyberoun.cz\/wp-content\/uploads\/2023\/01\/IMG_20230101_093326.jpg 1185w\" sizes=\"(max-width: 920px) 100vw, 920px\" \/>\t\t\t\t\t\t\t\t\t\t\t\t\t<\/div>\n\t\t\t\t<\/div>\n\t\t\t\t\t<\/div>\n\t\t<\/div>\n\t\t\t\t\t<\/div>\n\t\t<\/section>\n\t\t\t\t<section class=\"elementor-section elementor-top-section elementor-element elementor-element-9300c85 elementor-section-boxed elementor-section-height-default elementor-section-height-default\" data-id=\"9300c85\" data-element_type=\"section\">\n\t\t\t\t\t\t<div class=\"elementor-container elementor-column-gap-default\">\n\t\t\t\t\t<div class=\"elementor-column elementor-col-100 elementor-top-column elementor-element elementor-element-6a424ca\" data-id=\"6a424ca\" data-element_type=\"column\">\n\t\t\t<div class=\"elementor-widget-wrap elementor-element-populated\">\n\t\t\t\t\t\t<div class=\"elementor-element elementor-element-306280f elementor-widget elementor-widget-image\" data-id=\"306280f\" data-element_type=\"widget\" data-widget_type=\"image.default\">\n\t\t\t\t<div class=\"elementor-widget-container\">\n\t\t\t\t\t\t\t\t\t\t\t\t\t<img loading=\"lazy\" decoding=\"async\" width=\"667\" height=\"836\" src=\"https:\/\/www.pochodyberoun.cz\/wp-content\/uploads\/2023\/01\/IMG_20230101_104717.jpg\" class=\"attachment-large size-large wp-image-214\" alt=\"\" srcset=\"https:\/\/www.pochodyberoun.cz\/wp-content\/uploads\/2023\/01\/IMG_20230101_104717.jpg 667w, https:\/\/www.pochodyberoun.cz\/wp-content\/uploads\/2023\/01\/IMG_20230101_104717-239x300.jpg 239w\" sizes=\"(max-width: 667px) 100vw, 667px\" \/>\t\t\t\t\t\t\t\t\t\t\t\t\t<\/div>\n\t\t\t\t<\/div>\n\t\t\t\t\t<\/div>\n\t\t<\/div>\n\t\t\t\t\t<\/div>\n\t\t<\/section>\n\t\t\t\t<section class=\"elementor-section elementor-top-section elementor-element elementor-element-6133a6a elementor-section-boxed elementor-section-height-default elementor-section-height-default\" data-id=\"6133a6a\" data-element_type=\"section\">\n\t\t\t\t\t\t<div class=\"elementor-container elementor-column-gap-default\">\n\t\t\t\t\t<div class=\"elementor-column elementor-col-100 elementor-top-column elementor-element elementor-element-8b9c60c\" data-id=\"8b9c60c\" data-element_type=\"column\">\n\t\t\t<div class=\"elementor-widget-wrap elementor-element-populated\">\n\t\t\t\t\t\t<div class=\"elementor-element elementor-element-443d2f8 elementor-widget elementor-widget-image\" data-id=\"443d2f8\" data-element_type=\"widget\" data-widget_type=\"image.default\">\n\t\t\t\t<div class=\"elementor-widget-container\">\n\t\t\t\t\t\t\t\t\t\t\t\t\t<img loading=\"lazy\" decoding=\"async\" width=\"667\" height=\"836\" src=\"https:\/\/www.pochodyberoun.cz\/wp-content\/uploads\/2023\/01\/IMG_20230101_124237.jpg\" class=\"attachment-large size-large wp-image-215\" alt=\"\" srcset=\"https:\/\/www.pochodyberoun.cz\/wp-content\/uploads\/2023\/01\/IMG_20230101_124237.jpg 667w, https:\/\/www.pochodyberoun.cz\/wp-content\/uploads\/2023\/01\/IMG_20230101_124237-239x300.jpg 239w\" sizes=\"(max-width: 667px) 100vw, 667px\" \/>\t\t\t\t\t\t\t\t\t\t\t\t\t<\/div>\n\t\t\t\t<\/div>\n\t\t\t\t\t<\/div>\n\t\t<\/div>\n\t\t\t\t\t<\/div>\n\t\t<\/section>\n\t\t\t\t<section class=\"elementor-section elementor-top-section elementor-element elementor-element-1803a11 elementor-section-boxed elementor-section-height-default elementor-section-height-default\" data-id=\"1803a11\" data-element_type=\"section\">\n\t\t\t\t\t\t<div class=\"elementor-container elementor-column-gap-default\">\n\t\t\t\t\t<div class=\"elementor-column elementor-col-100 elementor-top-column elementor-element elementor-element-850a5da\" data-id=\"850a5da\" data-element_type=\"column\">\n\t\t\t<div class=\"elementor-widget-wrap elementor-element-populated\">\n\t\t\t\t\t\t<div class=\"elementor-element elementor-element-274bef5 elementor-widget elementor-widget-image\" data-id=\"274bef5\" data-element_type=\"widget\" data-widget_type=\"image.default\">\n\t\t\t\t<div class=\"elementor-widget-container\">\n\t\t\t\t\t\t\t\t\t\t\t\t\t<img loading=\"lazy\" decoding=\"async\" width=\"667\" height=\"838\" src=\"https:\/\/www.pochodyberoun.cz\/wp-content\/uploads\/2023\/01\/IMG_20230101_124304.jpg\" class=\"attachment-large size-large wp-image-216\" alt=\"\" srcset=\"https:\/\/www.pochodyberoun.cz\/wp-content\/uploads\/2023\/01\/IMG_20230101_124304.jpg 667w, https:\/\/www.pochodyberoun.cz\/wp-content\/uploads\/2023\/01\/IMG_20230101_124304-239x300.jpg 239w\" sizes=\"(max-width: 667px) 100vw, 667px\" \/>\t\t\t\t\t\t\t\t\t\t\t\t\t<\/div>\n\t\t\t\t<\/div>\n\t\t\t\t\t<\/div>\n\t\t<\/div>\n\t\t\t\t\t<\/div>\n\t\t<\/section>\n\t\t\t\t<section class=\"elementor-section elementor-top-section elementor-element elementor-element-7ec011f elementor-section-boxed elementor-section-height-default elementor-section-height-default\" data-id=\"7ec011f\" data-element_type=\"section\">\n\t\t\t\t\t\t<div class=\"elementor-container elementor-column-gap-default\">\n\t\t\t\t\t<div class=\"elementor-column elementor-col-100 elementor-top-column elementor-element elementor-element-1e91ca3\" data-id=\"1e91ca3\" data-element_type=\"column\">\n\t\t\t<div class=\"elementor-widget-wrap elementor-element-populated\">\n\t\t\t\t\t\t<div class=\"elementor-element elementor-element-5c44403 elementor-widget elementor-widget-image\" data-id=\"5c44403\" data-element_type=\"widget\" data-widget_type=\"image.default\">\n\t\t\t\t<div class=\"elementor-widget-container\">\n\t\t\t\t\t\t\t\t\t\t\t\t\t<img loading=\"lazy\" decoding=\"async\" width=\"667\" height=\"834\" src=\"https:\/\/www.pochodyberoun.cz\/wp-content\/uploads\/2023\/01\/IMG_20230101_113702.jpg\" class=\"attachment-large size-large wp-image-219\" alt=\"\" srcset=\"https:\/\/www.pochodyberoun.cz\/wp-content\/uploads\/2023\/01\/IMG_20230101_113702.jpg 667w, https:\/\/www.pochodyberoun.cz\/wp-content\/uploads\/2023\/01\/IMG_20230101_113702-240x300.jpg 240w\" sizes=\"(max-width: 667px) 100vw, 667px\" \/>\t\t\t\t\t\t\t\t\t\t\t\t\t<\/div>\n\t\t\t\t<\/div>\n\t\t\t\t\t<\/div>\n\t\t<\/div>\n\t\t\t\t\t<\/div>\n\t\t<\/section>\n\t\t\t\t<section class=\"elementor-section elementor-top-section elementor-element elementor-element-b003c50 elementor-section-boxed elementor-section-height-default elementor-section-height-default\" data-id=\"b003c50\" data-element_type=\"section\">\n\t\t\t\t\t\t<div class=\"elementor-container elementor-column-gap-default\">\n\t\t\t\t\t<div class=\"elementor-column elementor-col-100 elementor-top-column elementor-element elementor-element-f170495\" data-id=\"f170495\" data-element_type=\"column\">\n\t\t\t<div class=\"elementor-widget-wrap elementor-element-populated\">\n\t\t\t\t\t\t<div class=\"elementor-element elementor-element-836422d elementor-widget elementor-widget-image\" data-id=\"836422d\" data-element_type=\"widget\" data-widget_type=\"image.default\">\n\t\t\t\t<div class=\"elementor-widget-container\">\n\t\t\t\t\t\t\t\t\t\t\t\t\t<img loading=\"lazy\" decoding=\"async\" width=\"667\" height=\"838\" src=\"https:\/\/www.pochodyberoun.cz\/wp-content\/uploads\/2023\/01\/IMG_20230101_125242.jpg\" class=\"attachment-large size-large wp-image-218\" alt=\"\" srcset=\"https:\/\/www.pochodyberoun.cz\/wp-content\/uploads\/2023\/01\/IMG_20230101_125242.jpg 667w, https:\/\/www.pochodyberoun.cz\/wp-content\/uploads\/2023\/01\/IMG_20230101_125242-239x300.jpg 239w\" sizes=\"(max-width: 667px) 100vw, 667px\" \/>\t\t\t\t\t\t\t\t\t\t\t\t\t<\/div>\n\t\t\t\t<\/div>\n\t\t\t\t\t<\/div>\n\t\t<\/div>\n\t\t\t\t\t<\/div>\n\t\t<\/section>\n\t\t\t\t<section class=\"elementor-section elementor-top-section elementor-element elementor-element-5e9e994 elementor-section-boxed elementor-section-height-default elementor-section-height-default\" data-id=\"5e9e994\" data-element_type=\"section\">\n\t\t\t\t\t\t<div class=\"elementor-container elementor-column-gap-default\">\n\t\t\t\t\t<div class=\"elementor-column elementor-col-100 elementor-top-column elementor-element elementor-element-86b04f0\" data-id=\"86b04f0\" data-element_type=\"column\">\n\t\t\t<div class=\"elementor-widget-wrap elementor-element-populated\">\n\t\t\t\t\t\t<div class=\"elementor-element elementor-element-afd978a elementor-widget elementor-widget-image\" data-id=\"afd978a\" data-element_type=\"widget\" data-widget_type=\"image.default\">\n\t\t\t\t<div class=\"elementor-widget-container\">\n\t\t\t\t\t\t\t\t\t\t\t\t\t<img loading=\"lazy\" decoding=\"async\" width=\"667\" height=\"838\" src=\"https:\/\/www.pochodyberoun.cz\/wp-content\/uploads\/2023\/01\/IMG_20230101_125200.jpg\" class=\"attachment-large size-large wp-image-217\" alt=\"\" srcset=\"https:\/\/www.pochodyberoun.cz\/wp-content\/uploads\/2023\/01\/IMG_20230101_125200.jpg 667w, https:\/\/www.pochodyberoun.cz\/wp-content\/uploads\/2023\/01\/IMG_20230101_125200-239x300.jpg 239w\" sizes=\"(max-width: 667px) 100vw, 667px\" \/>\t\t\t\t\t\t\t\t\t\t\t\t\t<\/div>\n\t\t\t\t<\/div>\n\t\t\t\t\t<\/div>\n\t\t<\/div>\n\t\t\t\t\t<\/div>\n\t\t<\/section>\n\t\t\t\t<section class=\"elementor-section elementor-top-section elementor-element elementor-element-b75b7ba elementor-section-boxed elementor-section-height-default elementor-section-height-default\" data-id=\"b75b7ba\" data-element_type=\"section\">\n\t\t\t\t\t\t<div class=\"elementor-container elementor-column-gap-default\">\n\t\t\t\t\t<div class=\"elementor-column elementor-col-100 elementor-top-column elementor-element elementor-element-f489770\" data-id=\"f489770\" data-element_type=\"column\">\n\t\t\t<div class=\"elementor-widget-wrap elementor-element-populated\">\n\t\t\t\t\t\t<div class=\"elementor-element elementor-element-a259d62 elementor-widget elementor-widget-image\" data-id=\"a259d62\" data-element_type=\"widget\" data-widget_type=\"image.default\">\n\t\t\t\t<div class=\"elementor-widget-container\">\n\t\t\t\t\t\t\t\t\t\t\t\t\t<img loading=\"lazy\" decoding=\"async\" width=\"720\" height=\"905\" src=\"https:\/\/www.pochodyberoun.cz\/wp-content\/uploads\/2023\/01\/IMG_20230101_133331.jpg\" class=\"attachment-large size-large wp-image-221\" alt=\"\" srcset=\"https:\/\/www.pochodyberoun.cz\/wp-content\/uploads\/2023\/01\/IMG_20230101_133331.jpg 720w, https:\/\/www.pochodyberoun.cz\/wp-content\/uploads\/2023\/01\/IMG_20230101_133331-239x300.jpg 239w\" sizes=\"(max-width: 720px) 100vw, 720px\" \/>\t\t\t\t\t\t\t\t\t\t\t\t\t<\/div>\n\t\t\t\t<\/div>\n\t\t\t\t\t<\/div>\n\t\t<\/div>\n\t\t\t\t\t<\/div>\n\t\t<\/section>\n\t\t\t\t<section class=\"elementor-section elementor-top-section elementor-element elementor-element-8ea6b8a elementor-section-boxed elementor-section-height-default elementor-section-height-default\" data-id=\"8ea6b8a\" data-element_type=\"section\">\n\t\t\t\t\t\t<div class=\"elementor-container elementor-column-gap-default\">\n\t\t\t\t\t<div class=\"elementor-column elementor-col-100 elementor-top-column elementor-element elementor-element-5b4b775\" data-id=\"5b4b775\" data-element_type=\"column\">\n\t\t\t<div class=\"elementor-widget-wrap elementor-element-populated\">\n\t\t\t\t\t\t<div class=\"elementor-element elementor-element-8884767 elementor-widget elementor-widget-image\" data-id=\"8884767\" data-element_type=\"widget\" data-widget_type=\"image.default\">\n\t\t\t\t<div class=\"elementor-widget-container\">\n\t\t\t\t\t\t\t\t\t\t\t\t\t<img loading=\"lazy\" decoding=\"async\" width=\"920\" height=\"651\" src=\"https:\/\/www.pochodyberoun.cz\/wp-content\/uploads\/2023\/01\/IMG_20230104_073059-1-1024x725.jpg\" class=\"attachment-large size-large wp-image-233\" alt=\"\" srcset=\"https:\/\/www.pochodyberoun.cz\/wp-content\/uploads\/2023\/01\/IMG_20230104_073059-1-1024x725.jpg 1024w, https:\/\/www.pochodyberoun.cz\/wp-content\/uploads\/2023\/01\/IMG_20230104_073059-1-300x212.jpg 300w, https:\/\/www.pochodyberoun.cz\/wp-content\/uploads\/2023\/01\/IMG_20230104_073059-1-768x544.jpg 768w, https:\/\/www.pochodyberoun.cz\/wp-content\/uploads\/2023\/01\/IMG_20230104_073059-1.jpg 1134w\" sizes=\"(max-width: 920px) 100vw, 920px\" \/>\t\t\t\t\t\t\t\t\t\t\t\t\t<\/div>\n\t\t\t\t<\/div>\n\t\t\t\t\t<\/div>\n\t\t<\/div>\n\t\t\t\t\t<\/div>\n\t\t<\/section>\n\t\t\t\t<section class=\"elementor-section elementor-top-section elementor-element elementor-element-e01817c elementor-section-boxed elementor-section-height-default elementor-section-height-default\" data-id=\"e01817c\" data-element_type=\"section\">\n\t\t\t\t\t\t<div class=\"elementor-container elementor-column-gap-default\">\n\t\t\t\t\t<div class=\"elementor-column elementor-col-100 elementor-top-column elementor-element elementor-element-0ccdb05\" data-id=\"0ccdb05\" data-element_type=\"column\">\n\t\t\t<div class=\"elementor-widget-wrap elementor-element-populated\">\n\t\t\t\t\t\t<div class=\"elementor-element elementor-element-7a0f44b elementor-widget elementor-widget-image\" data-id=\"7a0f44b\" data-element_type=\"widget\" data-widget_type=\"image.default\">\n\t\t\t\t<div class=\"elementor-widget-container\">\n\t\t\t\t\t\t\t\t\t\t\t\t\t<img loading=\"lazy\" decoding=\"async\" width=\"920\" height=\"618\" src=\"https:\/\/www.pochodyberoun.cz\/wp-content\/uploads\/2023\/01\/IMG_20230104_201800-1024x688.jpg\" class=\"attachment-large size-large wp-image-234\" alt=\"\" srcset=\"https:\/\/www.pochodyberoun.cz\/wp-content\/uploads\/2023\/01\/IMG_20230104_201800-1024x688.jpg 1024w, https:\/\/www.pochodyberoun.cz\/wp-content\/uploads\/2023\/01\/IMG_20230104_201800-300x202.jpg 300w, https:\/\/www.pochodyberoun.cz\/wp-content\/uploads\/2023\/01\/IMG_20230104_201800-768x516.jpg 768w, https:\/\/www.pochodyberoun.cz\/wp-content\/uploads\/2023\/01\/IMG_20230104_201800.jpg 1280w\" sizes=\"(max-width: 920px) 100vw, 920px\" \/>\t\t\t\t\t\t\t\t\t\t\t\t\t<\/div>\n\t\t\t\t<\/div>\n\t\t\t\t\t<\/div>\n\t\t<\/div>\n\t\t\t\t\t<\/div>\n\t\t<\/section>\n\t\t\t\t<\/div>\n\t\t","protected":false},"excerpt":{"rendered":"","protected":false},"author":2,"featured_media":0,"parent":70,"menu_order":0,"comment_status":"closed","ping_status":"closed","template":"","meta":{"footnotes":""},"class_list":["post-204","page","type-page","status-publish","hentry"],"_links":{"self":[{"href":"https:\/\/www.pochodyberoun.cz\/index.php?rest_route=\/wp\/v2\/pages\/204","targetHints":{"allow":["GET"]}}],"collection":[{"href":"https:\/\/www.pochodyberoun.cz\/index.php?rest_route=\/wp\/v2\/pages"}],"about":[{"href":"https:\/\/www.pochodyberoun.cz\/index.php?rest_route=\/wp\/v2\/types\/page"}],"author":[{"embeddable":true,"href":"https:\/\/www.pochodyberoun.cz\/index.php?rest_route=\/wp\/v2\/users\/2"}],"replies":[{"embeddable":true,"href":"https:\/\/www.pochodyberoun.cz\/index.php?rest_route=%2Fwp%2Fv2%2Fcomments&post=204"}],"version-history":[{"count":8,"href":"https:\/\/www.pochodyberoun.cz\/index.php?rest_route=\/wp\/v2\/pages\/204\/revisions"}],"predecessor-version":[{"id":240,"href":"https:\/\/www.pochodyberoun.cz\/index.php?rest_route=\/wp\/v2\/pages\/204\/revisions\/240"}],"up":[{"embeddable":true,"href":"https:\/\/www.pochodyberoun.cz\/index.php?rest_route=\/wp\/v2\/pages\/70"}],"wp:attachment":[{"href":"https:\/\/www.pochodyberoun.cz\/index.php?rest_route=%2Fwp%2Fv2%2Fmedia&parent=204"}],"curies":[{"name":"wp","href":"https:\/\/api.w.org\/{rel}","templated":true}]}}